{"id":5006,"date":"2021-09-26T09:40:25","date_gmt":"2021-09-26T12:40:25","guid":{"rendered":"https:\/\/sindiscam.org.br\/?page_id=5006"},"modified":"2026-03-26T09:59:52","modified_gmt":"2026-03-26T12:59:52","slug":"aparelho-disgestivo","status":"publish","type":"page","link":"https:\/\/sindiscam.org.br\/convenios\/aparelho-disgestivo\/","title":{"rendered":"Aparelho Disgestivo"},"content":{"rendered":"\t\t<div data-elementor-type=\"wp-page\" data-elementor-id=\"5006\" class=\"elementor elementor-5006\" data-elementor-post-type=\"page\">\n\t\t\t\t\t\t<section class=\"elementor-section elementor-top-section elementor-element elementor-element-1ae7c0c1 elementor-section-height-min-height elementor-hidden-mobile elementor-section-boxed elementor-section-height-default elementor-section-items-middle\" data-id=\"1ae7c0c1\" data-element_type=\"section\" data-e-type=\"section\" id=\"topo\" data-settings=\"{&quot;background_background&quot;:&quot;gradient&quot;}\">\n\t\t\t\t\t\t<div class=\"elementor-container elementor-column-gap-default\">\n\t\t\t\t\t<div class=\"elementor-column elementor-col-100 elementor-top-column elementor-element elementor-element-1e00b7a8\" data-id=\"1e00b7a8\" data-element_type=\"column\" data-e-type=\"column\">\n\t\t\t<div class=\"elementor-widget-wrap elementor-element-populated\">\n\t\t\t\t\t\t<div class=\"elementor-element elementor-element-7f07b8dd elementor-widget elementor-widget-heading\" data-id=\"7f07b8dd\" data-element_type=\"widget\" data-e-type=\"widget\" data-widget_type=\"heading.default\">\n\t\t\t\t<div class=\"elementor-widget-container\">\n\t\t\t\t\t<h2 class=\"elementor-heading-title elementor-size-default\">Aparelho Disgestivo<\/h2>\t\t\t\t<\/div>\n\t\t\t\t<\/div>\n\t\t\t\t\t<\/div>\n\t\t<\/div>\n\t\t\t\t\t<\/div>\n\t\t<\/section>\n\t\t\t\t<section class=\"elementor-section elementor-top-section elementor-element elementor-element-52768014 elementor-section-boxed elementor-section-height-default elementor-section-height-default\" data-id=\"52768014\" data-element_type=\"section\" data-e-type=\"section\">\n\t\t\t\t\t\t<div class=\"elementor-container elementor-column-gap-default\">\n\t\t\t\t\t<div class=\"elementor-column elementor-col-100 elementor-top-column elementor-element elementor-element-1f8375c2\" data-id=\"1f8375c2\" data-element_type=\"column\" data-e-type=\"column\">\n\t\t\t<div class=\"elementor-widget-wrap elementor-element-populated\">\n\t\t\t\t\t\t<div class=\"elementor-element elementor-element-285cd4e5 elementor-alert-info elementor-widget elementor-widget-alert\" data-id=\"285cd4e5\" data-element_type=\"widget\" data-e-type=\"widget\" data-widget_type=\"alert.default\">\n\t\t\t\t<div class=\"elementor-widget-container\">\n\t\t\t\t\t\t\t<div class=\"elementor-alert\" role=\"alert\">\n\n\t\t\t\t\t\t<span class=\"elementor-alert-title\">\u00c9 necess\u00e1rio retirar guia na sede do sindicato.<\/span>\n\t\t\t\n\t\t\t\n\t\t\t\n\t\t<\/div>\n\t\t\t\t\t\t<\/div>\n\t\t\t\t<\/div>\n\t\t\t\t<div class=\"elementor-element elementor-element-4db2342 elementor-alert-info elementor-widget elementor-widget-alert\" data-id=\"4db2342\" data-element_type=\"widget\" data-e-type=\"widget\" data-widget_type=\"alert.default\">\n\t\t\t\t<div class=\"elementor-widget-container\">\n\t\t\t\t\t\t\t<div class=\"elementor-alert\" role=\"alert\">\n\n\t\t\t\t\t\t<span class=\"elementor-alert-title\">SUJEITO A ALTERA\u00c7\u00c3O SEM AVISO PR\u00c9VIO<\/span>\n\t\t\t\n\t\t\t\n\t\t\t\n\t\t<\/div>\n\t\t\t\t\t\t<\/div>\n\t\t\t\t<\/div>\n\t\t\t\t<div class=\"elementor-element elementor-element-41601423 elementor-grid-2 elementor-grid-tablet-2 elementor-grid-mobile-1 elementor-posts--thumbnail-top elementor-posts--show-avatar elementor-card-shadow-yes elementor-posts__hover-gradient elementor-widget elementor-widget-posts\" data-id=\"41601423\" data-element_type=\"widget\" data-e-type=\"widget\" data-settings=\"{&quot;cards_columns&quot;:&quot;2&quot;,&quot;cards_columns_tablet&quot;:&quot;2&quot;,&quot;cards_columns_mobile&quot;:&quot;1&quot;,&quot;cards_row_gap&quot;:{&quot;unit&quot;:&quot;px&quot;,&quot;size&quot;:35,&quot;sizes&quot;:[]},&quot;cards_row_gap_tablet&quot;:{&quot;unit&quot;:&quot;px&quot;,&quot;size&quot;:&quot;&quot;,&quot;sizes&quot;:[]},&quot;cards_row_gap_mobile&quot;:{&quot;unit&quot;:&quot;px&quot;,&quot;size&quot;:&quot;&quot;,&quot;sizes&quot;:[]}}\" data-widget_type=\"posts.cards\">\n\t\t\t\t<div class=\"elementor-widget-container\">\n\t\t\t\t\t\t\t<div class=\"elementor-posts-container elementor-posts elementor-posts--skin-cards elementor-grid\">\n\t\t\t\t<article class=\"elementor-post elementor-grid-item post-6056 conveniados type-conveniados status-publish hentry convenios-aparelho-digestivo convenios-cirurgia-geral convenios-clinicos-geral\">\n\t\t\t<div class=\"elementor-post__card\">\n\t\t\t\t<div class=\"elementor-post__text\">\n\t\t\t\t<h3 class=\"elementor-post__title\">\n\t\t\t<a href=\"https:\/\/sindiscam.org.br\/convenios\/conveniados\/eliezer-ramos-p-verdim\/\" >\n\t\t\t\tCLINICA VERDIM\t\t\t<\/a>\n\t\t<\/h3>\n\t\t\t\t<div class=\"elementor-post__excerpt\">\n\t\t\t\t\t<\/div>\n\t\t\n\t\t<a class=\"elementor-post__read-more\" href=\"https:\/\/sindiscam.org.br\/convenios\/conveniados\/eliezer-ramos-p-verdim\/\" aria-label=\"Leia mais sobre CLINICA VERDIM\" tabindex=\"-1\" >\n\t\t\tVeja Detalhes \u00bb\t\t<\/a>\n\n\t\t\t\t<\/div>\n\t\t\t\t\t<\/div>\n\t\t<\/article>\n\t\t\t\t<article class=\"elementor-post elementor-grid-item post-4302 conveniados type-conveniados status-publish hentry convenios-aparelho-digestivo\">\n\t\t\t<div class=\"elementor-post__card\">\n\t\t\t\t<div class=\"elementor-post__text\">\n\t\t\t\t<h3 class=\"elementor-post__title\">\n\t\t\t<a href=\"https:\/\/sindiscam.org.br\/convenios\/conveniados\/dr-elio-ferraz-salvador-filho\/\" >\n\t\t\t\tDr. Elio Ferraz Salvador Filho\t\t\t<\/a>\n\t\t<\/h3>\n\t\t\t\t<div class=\"elementor-post__excerpt\">\n\t\t\t\t\t<\/div>\n\t\t\n\t\t<a class=\"elementor-post__read-more\" href=\"https:\/\/sindiscam.org.br\/convenios\/conveniados\/dr-elio-ferraz-salvador-filho\/\" aria-label=\"Leia mais sobre Dr. Elio Ferraz Salvador Filho\" tabindex=\"-1\" >\n\t\t\tVeja Detalhes \u00bb\t\t<\/a>\n\n\t\t\t\t<\/div>\n\t\t\t\t\t<\/div>\n\t\t<\/article>\n\t\t\t\t<article class=\"elementor-post elementor-grid-item post-4158 conveniados type-conveniados status-publish hentry convenios-aparelho-digestivo\">\n\t\t\t<div class=\"elementor-post__card\">\n\t\t\t\t<div class=\"elementor-post__text\">\n\t\t\t\t<h3 class=\"elementor-post__title\">\n\t\t\t<a href=\"https:\/\/sindiscam.org.br\/convenios\/conveniados\/dr-wanderlister-duque-tavares\/\" >\n\t\t\t\tDr. Wanderlister Duque Tavares\t\t\t<\/a>\n\t\t<\/h3>\n\t\t\t\t<div class=\"elementor-post__excerpt\">\n\t\t\t\t\t<\/div>\n\t\t\n\t\t<a class=\"elementor-post__read-more\" href=\"https:\/\/sindiscam.org.br\/convenios\/conveniados\/dr-wanderlister-duque-tavares\/\" aria-label=\"Leia mais sobre Dr. Wanderlister Duque Tavares\" tabindex=\"-1\" >\n\t\t\tVeja Detalhes \u00bb\t\t<\/a>\n\n\t\t\t\t<\/div>\n\t\t\t\t\t<\/div>\n\t\t<\/article>\n\t\t\t\t<article class=\"elementor-post elementor-grid-item post-3564 conveniados type-conveniados status-publish hentry convenios-aparelho-digestivo convenios-cirurgia-geral\">\n\t\t\t<div class=\"elementor-post__card\">\n\t\t\t\t<div class=\"elementor-post__text\">\n\t\t\t\t<h3 class=\"elementor-post__title\">\n\t\t\t<a href=\"https:\/\/sindiscam.org.br\/convenios\/conveniados\/enecy-lemos-calixto-filho-2\/\" >\n\t\t\t\tENECY LEMOS CALIXTO FILHO\t\t\t<\/a>\n\t\t<\/h3>\n\t\t\t\t<div class=\"elementor-post__excerpt\">\n\t\t\t\t\t<\/div>\n\t\t\n\t\t<a class=\"elementor-post__read-more\" href=\"https:\/\/sindiscam.org.br\/convenios\/conveniados\/enecy-lemos-calixto-filho-2\/\" aria-label=\"Leia mais sobre ENECY LEMOS CALIXTO FILHO\" tabindex=\"-1\" >\n\t\t\tVeja Detalhes \u00bb\t\t<\/a>\n\n\t\t\t\t<\/div>\n\t\t\t\t\t<\/div>\n\t\t<\/article>\n\t\t\t\t<article class=\"elementor-post elementor-grid-item post-3553 conveniados type-conveniados status-publish hentry convenios-aparelho-digestivo convenios-coloproctologia\">\n\t\t\t<div class=\"elementor-post__card\">\n\t\t\t\t<div class=\"elementor-post__text\">\n\t\t\t\t<h3 class=\"elementor-post__title\">\n\t\t\t<a href=\"https:\/\/sindiscam.org.br\/convenios\/conveniados\/bruno-sadayoshi-l-shimizu\/\" >\n\t\t\t\tBRUNO SADAYOSHI L. SHIMIZU\t\t\t<\/a>\n\t\t<\/h3>\n\t\t\t\t<div class=\"elementor-post__excerpt\">\n\t\t\t\t\t<\/div>\n\t\t\n\t\t<a class=\"elementor-post__read-more\" href=\"https:\/\/sindiscam.org.br\/convenios\/conveniados\/bruno-sadayoshi-l-shimizu\/\" aria-label=\"Leia mais sobre BRUNO SADAYOSHI L. SHIMIZU\" tabindex=\"-1\" >\n\t\t\tVeja Detalhes \u00bb\t\t<\/a>\n\n\t\t\t\t<\/div>\n\t\t\t\t\t<\/div>\n\t\t<\/article>\n\t\t\t\t<article class=\"elementor-post elementor-grid-item post-3552 conveniados type-conveniados status-publish hentry convenios-aparelho-digestivo convenios-cirurgia-geral\">\n\t\t\t<div class=\"elementor-post__card\">\n\t\t\t\t<div class=\"elementor-post__text\">\n\t\t\t\t<h3 class=\"elementor-post__title\">\n\t\t\t<a href=\"https:\/\/sindiscam.org.br\/convenios\/conveniados\/fernando-yoshio\/\" >\n\t\t\t\tFERNANDO YOSHIO LARA SHIMIZU\t\t\t<\/a>\n\t\t<\/h3>\n\t\t\t\t<div class=\"elementor-post__excerpt\">\n\t\t\t\t\t<\/div>\n\t\t\n\t\t<a class=\"elementor-post__read-more\" href=\"https:\/\/sindiscam.org.br\/convenios\/conveniados\/fernando-yoshio\/\" aria-label=\"Leia mais sobre FERNANDO YOSHIO LARA SHIMIZU\" tabindex=\"-1\" >\n\t\t\tVeja Detalhes \u00bb\t\t<\/a>\n\n\t\t\t\t<\/div>\n\t\t\t\t\t<\/div>\n\t\t<\/article>\n\t\t\t\t<article class=\"elementor-post elementor-grid-item post-3551 conveniados type-conveniados status-publish hentry convenios-aparelho-digestivo\">\n\t\t\t<div class=\"elementor-post__card\">\n\t\t\t\t<div class=\"elementor-post__text\">\n\t\t\t\t<h3 class=\"elementor-post__title\">\n\t\t\t<a href=\"https:\/\/sindiscam.org.br\/convenios\/conveniados\/humberto-saconato\/\" >\n\t\t\t\tHUMBERTO SACONATO\t\t\t<\/a>\n\t\t<\/h3>\n\t\t\t\t<div class=\"elementor-post__excerpt\">\n\t\t\t\t\t<\/div>\n\t\t\n\t\t<a class=\"elementor-post__read-more\" href=\"https:\/\/sindiscam.org.br\/convenios\/conveniados\/humberto-saconato\/\" aria-label=\"Leia mais sobre HUMBERTO SACONATO\" tabindex=\"-1\" >\n\t\t\tVeja Detalhes \u00bb\t\t<\/a>\n\n\t\t\t\t<\/div>\n\t\t\t\t\t<\/div>\n\t\t<\/article>\n\t\t\t\t<article class=\"elementor-post elementor-grid-item post-3443 conveniados type-conveniados status-publish hentry convenios-aparelho-digestivo convenios-cirurgia-geral\">\n\t\t\t<div class=\"elementor-post__card\">\n\t\t\t\t<div class=\"elementor-post__text\">\n\t\t\t\t<h3 class=\"elementor-post__title\">\n\t\t\t<a href=\"https:\/\/sindiscam.org.br\/convenios\/conveniados\/jose-alexandre-g-rezze\/\" >\n\t\t\t\tJOS\u00c9 ALEXANDRE G. REZZE\t\t\t<\/a>\n\t\t<\/h3>\n\t\t\t\t<div class=\"elementor-post__excerpt\">\n\t\t\t\t\t<\/div>\n\t\t\n\t\t<a class=\"elementor-post__read-more\" href=\"https:\/\/sindiscam.org.br\/convenios\/conveniados\/jose-alexandre-g-rezze\/\" aria-label=\"Leia mais sobre JOS\u00c9 ALEXANDRE G. REZZE\" tabindex=\"-1\" >\n\t\t\tVeja Detalhes \u00bb\t\t<\/a>\n\n\t\t\t\t<\/div>\n\t\t\t\t\t<\/div>\n\t\t<\/article>\n\t\t\t\t<article class=\"elementor-post elementor-grid-item post-3442 conveniados type-conveniados status-publish hentry convenios-aparelho-digestivo convenios-cirurgia-geral\">\n\t\t\t<div class=\"elementor-post__card\">\n\t\t\t\t<div class=\"elementor-post__text\">\n\t\t\t\t<h3 class=\"elementor-post__title\">\n\t\t\t<a href=\"https:\/\/sindiscam.org.br\/convenios\/conveniados\/ivan-seleme\/\" >\n\t\t\t\tIVAN SELEME\t\t\t<\/a>\n\t\t<\/h3>\n\t\t\t\t<div class=\"elementor-post__excerpt\">\n\t\t\t\t\t<\/div>\n\t\t\n\t\t<a class=\"elementor-post__read-more\" href=\"https:\/\/sindiscam.org.br\/convenios\/conveniados\/ivan-seleme\/\" aria-label=\"Leia mais sobre IVAN SELEME\" tabindex=\"-1\" >\n\t\t\tVeja Detalhes \u00bb\t\t<\/a>\n\n\t\t\t\t<\/div>\n\t\t\t\t\t<\/div>\n\t\t<\/article>\n\t\t\t\t<article class=\"elementor-post elementor-grid-item post-3440 conveniados type-conveniados status-publish hentry convenios-aparelho-digestivo convenios-cirurgia-geral\">\n\t\t\t<div class=\"elementor-post__card\">\n\t\t\t\t<div class=\"elementor-post__text\">\n\t\t\t\t<h3 class=\"elementor-post__title\">\n\t\t\t<a href=\"https:\/\/sindiscam.org.br\/convenios\/conveniados\/dror-yona\/\" >\n\t\t\t\tDROR YONA\t\t\t<\/a>\n\t\t<\/h3>\n\t\t\t\t<div class=\"elementor-post__excerpt\">\n\t\t\t\t\t<\/div>\n\t\t\n\t\t<a class=\"elementor-post__read-more\" href=\"https:\/\/sindiscam.org.br\/convenios\/conveniados\/dror-yona\/\" aria-label=\"Leia mais sobre DROR YONA\" tabindex=\"-1\" >\n\t\t\tVeja Detalhes \u00bb\t\t<\/a>\n\n\t\t\t\t<\/div>\n\t\t\t\t\t<\/div>\n\t\t<\/article>\n\t\t\t\t<article class=\"elementor-post elementor-grid-item post-3438 conveniados type-conveniados status-publish hentry convenios-aparelho-digestivo convenios-cirurgia-geral\">\n\t\t\t<div class=\"elementor-post__card\">\n\t\t\t\t<div class=\"elementor-post__text\">\n\t\t\t\t<h3 class=\"elementor-post__title\">\n\t\t\t<a href=\"https:\/\/sindiscam.org.br\/convenios\/conveniados\/cesar-suguimoto\/\" >\n\t\t\t\tC\u00c9SAR SUGUIMOTO\t\t\t<\/a>\n\t\t<\/h3>\n\t\t\t\t<div class=\"elementor-post__excerpt\">\n\t\t\t\t\t<\/div>\n\t\t\n\t\t<a class=\"elementor-post__read-more\" href=\"https:\/\/sindiscam.org.br\/convenios\/conveniados\/cesar-suguimoto\/\" aria-label=\"Leia mais sobre C\u00c9SAR SUGUIMOTO\" tabindex=\"-1\" >\n\t\t\tVeja Detalhes \u00bb\t\t<\/a>\n\n\t\t\t\t<\/div>\n\t\t\t\t\t<\/div>\n\t\t<\/article>\n\t\t\t\t<\/div>\n\t\t\n\t\t\t\t\t\t<\/div>\n\t\t\t\t<\/div>\n\t\t\t\t\t<\/div>\n\t\t<\/div>\n\t\t\t\t\t<\/div>\n\t\t<\/section>\n\t\t\t\t<\/div>\n\t\t","protected":false},"excerpt":{"rendered":"<p>Aparelho Disgestivo \u00c9 necess\u00e1rio retirar guia na sede do sindicato. SUJEITO A ALTERA\u00c7\u00c3O SEM AVISO PR\u00c9VIO<\/p>\n","protected":false},"author":1,"featured_media":0,"parent":0,"menu_order":0,"comment_status":"closed","ping_status":"closed","template":"elementor_header_footer","meta":{"footnotes":""},"class_list":["post-5006","page","type-page","status-publish","hentry"],"_links":{"self":[{"href":"https:\/\/sindiscam.org.br\/convenios\/wp-json\/wp\/v2\/pages\/5006","targetHints":{"allow":["GET"]}}],"collection":[{"href":"https:\/\/sindiscam.org.br\/convenios\/wp-json\/wp\/v2\/pages"}],"about":[{"href":"https:\/\/sindiscam.org.br\/convenios\/wp-json\/wp\/v2\/types\/page"}],"author":[{"embeddable":true,"href":"https:\/\/sindiscam.org.br\/convenios\/wp-json\/wp\/v2\/users\/1"}],"replies":[{"embeddable":true,"href":"https:\/\/sindiscam.org.br\/convenios\/wp-json\/wp\/v2\/comments?post=5006"}],"version-history":[{"count":9,"href":"https:\/\/sindiscam.org.br\/convenios\/wp-json\/wp\/v2\/pages\/5006\/revisions"}],"predecessor-version":[{"id":8203,"href":"https:\/\/sindiscam.org.br\/convenios\/wp-json\/wp\/v2\/pages\/5006\/revisions\/8203"}],"wp:attachment":[{"href":"https:\/\/sindiscam.org.br\/convenios\/wp-json\/wp\/v2\/media?parent=5006"}],"curies":[{"name":"wp","href":"https:\/\/api.w.org\/{rel}","templated":true}]}}