{"id":5047,"date":"2021-09-26T09:47:57","date_gmt":"2021-09-26T12:47:57","guid":{"rendered":"https:\/\/sindiscam.org.br\/?page_id=5047"},"modified":"2026-03-26T10:00:21","modified_gmt":"2026-03-26T13:00:21","slug":"clinica-medica","status":"publish","type":"page","link":"https:\/\/sindiscam.org.br\/convenios\/clinica-medica\/","title":{"rendered":"Cl\u00ednica M\u00e9dica"},"content":{"rendered":"\t\t<div data-elementor-type=\"wp-page\" data-elementor-id=\"5047\" class=\"elementor elementor-5047\" data-elementor-post-type=\"page\">\n\t\t\t\t\t\t<section class=\"elementor-section elementor-top-section elementor-element elementor-element-54cb5eef elementor-section-height-min-height elementor-hidden-mobile elementor-section-boxed elementor-section-height-default elementor-section-items-middle\" data-id=\"54cb5eef\" data-element_type=\"section\" data-e-type=\"section\" id=\"topo\" data-settings=\"{&quot;background_background&quot;:&quot;gradient&quot;}\">\n\t\t\t\t\t\t<div class=\"elementor-container elementor-column-gap-default\">\n\t\t\t\t\t<div class=\"elementor-column elementor-col-100 elementor-top-column elementor-element elementor-element-df74cac\" data-id=\"df74cac\" data-element_type=\"column\" data-e-type=\"column\">\n\t\t\t<div class=\"elementor-widget-wrap elementor-element-populated\">\n\t\t\t\t\t\t<div class=\"elementor-element elementor-element-1f355c47 elementor-widget elementor-widget-heading\" data-id=\"1f355c47\" data-element_type=\"widget\" data-e-type=\"widget\" data-widget_type=\"heading.default\">\n\t\t\t\t<div class=\"elementor-widget-container\">\n\t\t\t\t\t<h2 class=\"elementor-heading-title elementor-size-default\">Cl\u00ednica M\u00e9dica<\/h2>\t\t\t\t<\/div>\n\t\t\t\t<\/div>\n\t\t\t\t\t<\/div>\n\t\t<\/div>\n\t\t\t\t\t<\/div>\n\t\t<\/section>\n\t\t\t\t<section class=\"elementor-section elementor-top-section elementor-element elementor-element-32253571 elementor-section-boxed elementor-section-height-default elementor-section-height-default\" data-id=\"32253571\" data-element_type=\"section\" data-e-type=\"section\">\n\t\t\t\t\t\t<div class=\"elementor-container elementor-column-gap-default\">\n\t\t\t\t\t<div class=\"elementor-column elementor-col-100 elementor-top-column elementor-element elementor-element-780f4bad\" data-id=\"780f4bad\" data-element_type=\"column\" data-e-type=\"column\">\n\t\t\t<div class=\"elementor-widget-wrap elementor-element-populated\">\n\t\t\t\t\t\t<div class=\"elementor-element elementor-element-5ac6e34b elementor-alert-info elementor-widget elementor-widget-alert\" data-id=\"5ac6e34b\" data-element_type=\"widget\" data-e-type=\"widget\" data-widget_type=\"alert.default\">\n\t\t\t\t<div class=\"elementor-widget-container\">\n\t\t\t\t\t\t\t<div class=\"elementor-alert\" role=\"alert\">\n\n\t\t\t\t\t\t<span class=\"elementor-alert-title\">\u00c9 necess\u00e1rio retirar guia na sede do sindicato.<\/span>\n\t\t\t\n\t\t\t\n\t\t\t\n\t\t<\/div>\n\t\t\t\t\t\t<\/div>\n\t\t\t\t<\/div>\n\t\t\t\t<div class=\"elementor-element elementor-element-29d1ba1 elementor-alert-info elementor-widget elementor-widget-alert\" data-id=\"29d1ba1\" data-element_type=\"widget\" data-e-type=\"widget\" data-widget_type=\"alert.default\">\n\t\t\t\t<div class=\"elementor-widget-container\">\n\t\t\t\t\t\t\t<div class=\"elementor-alert\" role=\"alert\">\n\n\t\t\t\t\t\t<span class=\"elementor-alert-title\">SUJEITO A ALTERA\u00c7\u00c3O SEM AVISO PR\u00c9VIO<\/span>\n\t\t\t\n\t\t\t\n\t\t\t\n\t\t<\/div>\n\t\t\t\t\t\t<\/div>\n\t\t\t\t<\/div>\n\t\t\t\t<div class=\"elementor-element elementor-element-72481d9e elementor-grid-2 elementor-grid-tablet-2 elementor-grid-mobile-1 elementor-posts--thumbnail-top elementor-posts--show-avatar elementor-card-shadow-yes elementor-posts__hover-gradient elementor-widget elementor-widget-posts\" data-id=\"72481d9e\" data-element_type=\"widget\" data-e-type=\"widget\" data-settings=\"{&quot;cards_columns&quot;:&quot;2&quot;,&quot;cards_columns_tablet&quot;:&quot;2&quot;,&quot;cards_columns_mobile&quot;:&quot;1&quot;,&quot;cards_row_gap&quot;:{&quot;unit&quot;:&quot;px&quot;,&quot;size&quot;:35,&quot;sizes&quot;:[]},&quot;cards_row_gap_tablet&quot;:{&quot;unit&quot;:&quot;px&quot;,&quot;size&quot;:&quot;&quot;,&quot;sizes&quot;:[]},&quot;cards_row_gap_mobile&quot;:{&quot;unit&quot;:&quot;px&quot;,&quot;size&quot;:&quot;&quot;,&quot;sizes&quot;:[]}}\" data-widget_type=\"posts.cards\">\n\t\t\t\t<div class=\"elementor-widget-container\">\n\t\t\t\t\t\t\t<div class=\"elementor-posts-container elementor-posts elementor-posts--skin-cards elementor-grid\">\n\t\t\t\t<article class=\"elementor-post elementor-grid-item post-8143 conveniados type-conveniados status-publish hentry convenios-clinica-medica\">\n\t\t\t<div class=\"elementor-post__card\">\n\t\t\t\t<div class=\"elementor-post__text\">\n\t\t\t\t<h3 class=\"elementor-post__title\">\n\t\t\t<a href=\"https:\/\/sindiscam.org.br\/convenios\/conveniados\/clinica-sanarvida\/\" >\n\t\t\t\tCLINICA SANARVIDA\t\t\t<\/a>\n\t\t<\/h3>\n\t\t\t\t<div class=\"elementor-post__excerpt\">\n\t\t\t\t\t<\/div>\n\t\t\n\t\t<a class=\"elementor-post__read-more\" href=\"https:\/\/sindiscam.org.br\/convenios\/conveniados\/clinica-sanarvida\/\" aria-label=\"Leia mais sobre CLINICA SANARVIDA\" tabindex=\"-1\" >\n\t\t\tVeja Detalhes \u00bb\t\t<\/a>\n\n\t\t\t\t<\/div>\n\t\t\t\t\t<\/div>\n\t\t<\/article>\n\t\t\t\t<article class=\"elementor-post elementor-grid-item post-8139 conveniados type-conveniados status-publish hentry convenios-clinica-medica\">\n\t\t\t<div class=\"elementor-post__card\">\n\t\t\t\t<div class=\"elementor-post__text\">\n\t\t\t\t<h3 class=\"elementor-post__title\">\n\t\t\t<a href=\"https:\/\/sindiscam.org.br\/convenios\/conveniados\/vitalmed-clinica-geral\/\" >\n\t\t\t\tVITALMED CLINICA GERAL\t\t\t<\/a>\n\t\t<\/h3>\n\t\t\t\t<div class=\"elementor-post__excerpt\">\n\t\t\t\t\t<\/div>\n\t\t\n\t\t<a class=\"elementor-post__read-more\" href=\"https:\/\/sindiscam.org.br\/convenios\/conveniados\/vitalmed-clinica-geral\/\" aria-label=\"Leia mais sobre VITALMED CLINICA GERAL\" tabindex=\"-1\" >\n\t\t\tVeja Detalhes \u00bb\t\t<\/a>\n\n\t\t\t\t<\/div>\n\t\t\t\t\t<\/div>\n\t\t<\/article>\n\t\t\t\t<article class=\"elementor-post elementor-grid-item post-4377 conveniados type-conveniados status-publish hentry convenios-clinica-medica\">\n\t\t\t<div class=\"elementor-post__card\">\n\t\t\t\t<div class=\"elementor-post__text\">\n\t\t\t\t<h3 class=\"elementor-post__title\">\n\t\t\t<a href=\"https:\/\/sindiscam.org.br\/convenios\/conveniados\/dr-alexei-santana-delgado\/\" >\n\t\t\t\tDr. Alexei Santana Delgado\t\t\t<\/a>\n\t\t<\/h3>\n\t\t\t\t<div class=\"elementor-post__excerpt\">\n\t\t\t\t\t<\/div>\n\t\t\n\t\t<a class=\"elementor-post__read-more\" href=\"https:\/\/sindiscam.org.br\/convenios\/conveniados\/dr-alexei-santana-delgado\/\" aria-label=\"Leia mais sobre Dr. Alexei Santana Delgado\" tabindex=\"-1\" >\n\t\t\tVeja Detalhes \u00bb\t\t<\/a>\n\n\t\t\t\t<\/div>\n\t\t\t\t\t<\/div>\n\t\t<\/article>\n\t\t\t\t<article class=\"elementor-post elementor-grid-item post-3786 conveniados type-conveniados status-publish hentry convenios-clinica-medica convenios-clinicos-geral\">\n\t\t\t<div class=\"elementor-post__card\">\n\t\t\t\t<div class=\"elementor-post__text\">\n\t\t\t\t<h3 class=\"elementor-post__title\">\n\t\t\t<a href=\"https:\/\/sindiscam.org.br\/convenios\/conveniados\/hasan-f-juda\/\" >\n\t\t\t\tHASAN F. JUDA\t\t\t<\/a>\n\t\t<\/h3>\n\t\t\t\t<div class=\"elementor-post__excerpt\">\n\t\t\t\t\t<\/div>\n\t\t\n\t\t<a class=\"elementor-post__read-more\" href=\"https:\/\/sindiscam.org.br\/convenios\/conveniados\/hasan-f-juda\/\" aria-label=\"Leia mais sobre HASAN F. JUDA\" tabindex=\"-1\" >\n\t\t\tVeja Detalhes \u00bb\t\t<\/a>\n\n\t\t\t\t<\/div>\n\t\t\t\t\t<\/div>\n\t\t<\/article>\n\t\t\t\t<article class=\"elementor-post elementor-grid-item post-3572 conveniados type-conveniados status-publish hentry convenios-cardiologia convenios-clinica-medica\">\n\t\t\t<div class=\"elementor-post__card\">\n\t\t\t\t<div class=\"elementor-post__text\">\n\t\t\t\t<h3 class=\"elementor-post__title\">\n\t\t\t<a href=\"https:\/\/sindiscam.org.br\/convenios\/conveniados\/joao-paulo-dos-reis-2\/\" >\n\t\t\t\tJO\u00c3O PAULO DOS REIS\t\t\t<\/a>\n\t\t<\/h3>\n\t\t\t\t<div class=\"elementor-post__excerpt\">\n\t\t\t\t\t<\/div>\n\t\t\n\t\t<a class=\"elementor-post__read-more\" href=\"https:\/\/sindiscam.org.br\/convenios\/conveniados\/joao-paulo-dos-reis-2\/\" aria-label=\"Leia mais sobre JO\u00c3O PAULO DOS REIS\" tabindex=\"-1\" >\n\t\t\tVeja Detalhes \u00bb\t\t<\/a>\n\n\t\t\t\t<\/div>\n\t\t\t\t\t<\/div>\n\t\t<\/article>\n\t\t\t\t<\/div>\n\t\t\n\t\t\t\t\t\t<\/div>\n\t\t\t\t<\/div>\n\t\t\t\t\t<\/div>\n\t\t<\/div>\n\t\t\t\t\t<\/div>\n\t\t<\/section>\n\t\t\t\t<\/div>\n\t\t","protected":false},"excerpt":{"rendered":"<p>Cl\u00ednica M\u00e9dica \u00c9 necess\u00e1rio retirar guia na sede do sindicato. SUJEITO A ALTERA\u00c7\u00c3O SEM AVISO PR\u00c9VIO<\/p>\n","protected":false},"author":1,"featured_media":0,"parent":0,"menu_order":0,"comment_status":"closed","ping_status":"closed","template":"elementor_header_footer","meta":{"footnotes":""},"class_list":["post-5047","page","type-page","status-publish","hentry"],"_links":{"self":[{"href":"https:\/\/sindiscam.org.br\/convenios\/wp-json\/wp\/v2\/pages\/5047","targetHints":{"allow":["GET"]}}],"collection":[{"href":"https:\/\/sindiscam.org.br\/convenios\/wp-json\/wp\/v2\/pages"}],"about":[{"href":"https:\/\/sindiscam.org.br\/convenios\/wp-json\/wp\/v2\/types\/page"}],"author":[{"embeddable":true,"href":"https:\/\/sindiscam.org.br\/convenios\/wp-json\/wp\/v2\/users\/1"}],"replies":[{"embeddable":true,"href":"https:\/\/sindiscam.org.br\/convenios\/wp-json\/wp\/v2\/comments?post=5047"}],"version-history":[{"count":9,"href":"https:\/\/sindiscam.org.br\/convenios\/wp-json\/wp\/v2\/pages\/5047\/revisions"}],"predecessor-version":[{"id":8218,"href":"https:\/\/sindiscam.org.br\/convenios\/wp-json\/wp\/v2\/pages\/5047\/revisions\/8218"}],"wp:attachment":[{"href":"https:\/\/sindiscam.org.br\/convenios\/wp-json\/wp\/v2\/media?parent=5047"}],"curies":[{"name":"wp","href":"https:\/\/api.w.org\/{rel}","templated":true}]}}