{"id":5351,"date":"2021-09-26T11:35:14","date_gmt":"2021-09-26T14:35:14","guid":{"rendered":"https:\/\/sindiscam.org.br\/?page_id=5351"},"modified":"2026-03-26T10:03:39","modified_gmt":"2026-03-26T13:03:39","slug":"ortopedia-e-traumatologia","status":"publish","type":"page","link":"https:\/\/sindiscam.org.br\/convenios\/ortopedia-e-traumatologia\/","title":{"rendered":"Ortopedia e Traumatologia"},"content":{"rendered":"\t\t<div data-elementor-type=\"wp-page\" data-elementor-id=\"5351\" class=\"elementor elementor-5351\" data-elementor-post-type=\"page\">\n\t\t\t\t\t\t<section class=\"elementor-section elementor-top-section elementor-element elementor-element-46cc1c71 elementor-section-height-min-height elementor-hidden-mobile elementor-section-boxed elementor-section-height-default elementor-section-items-middle\" data-id=\"46cc1c71\" data-element_type=\"section\" data-e-type=\"section\" id=\"topo\" data-settings=\"{&quot;background_background&quot;:&quot;gradient&quot;}\">\n\t\t\t\t\t\t<div class=\"elementor-container elementor-column-gap-default\">\n\t\t\t\t\t<div class=\"elementor-column elementor-col-100 elementor-top-column elementor-element elementor-element-188fac65\" data-id=\"188fac65\" data-element_type=\"column\" data-e-type=\"column\">\n\t\t\t<div class=\"elementor-widget-wrap elementor-element-populated\">\n\t\t\t\t\t\t<div class=\"elementor-element elementor-element-65b3e522 elementor-widget elementor-widget-heading\" data-id=\"65b3e522\" data-element_type=\"widget\" data-e-type=\"widget\" data-widget_type=\"heading.default\">\n\t\t\t\t<div class=\"elementor-widget-container\">\n\t\t\t\t\t<h2 class=\"elementor-heading-title elementor-size-default\">Ortopedia e Traumatologia<\/h2>\t\t\t\t<\/div>\n\t\t\t\t<\/div>\n\t\t\t\t\t<\/div>\n\t\t<\/div>\n\t\t\t\t\t<\/div>\n\t\t<\/section>\n\t\t\t\t<section class=\"elementor-section elementor-top-section elementor-element elementor-element-23639e0 elementor-section-boxed elementor-section-height-default elementor-section-height-default\" data-id=\"23639e0\" data-element_type=\"section\" data-e-type=\"section\">\n\t\t\t\t\t\t<div class=\"elementor-container elementor-column-gap-default\">\n\t\t\t\t\t<div class=\"elementor-column elementor-col-100 elementor-top-column elementor-element elementor-element-2d05698\" data-id=\"2d05698\" data-element_type=\"column\" data-e-type=\"column\">\n\t\t\t<div class=\"elementor-widget-wrap elementor-element-populated\">\n\t\t\t\t\t\t<div class=\"elementor-element elementor-element-48af22f4 elementor-alert-info elementor-widget elementor-widget-alert\" data-id=\"48af22f4\" data-element_type=\"widget\" data-e-type=\"widget\" data-widget_type=\"alert.default\">\n\t\t\t\t<div class=\"elementor-widget-container\">\n\t\t\t\t\t\t\t<div class=\"elementor-alert\" role=\"alert\">\n\n\t\t\t\t\t\t<span class=\"elementor-alert-title\">\u00c9 necess\u00e1rio retirar guia na sede do sindicato.<\/span>\n\t\t\t\n\t\t\t\n\t\t\t\n\t\t<\/div>\n\t\t\t\t\t\t<\/div>\n\t\t\t\t<\/div>\n\t\t\t\t<div class=\"elementor-element elementor-element-64215bd elementor-alert-info elementor-widget elementor-widget-alert\" data-id=\"64215bd\" data-element_type=\"widget\" data-e-type=\"widget\" data-widget_type=\"alert.default\">\n\t\t\t\t<div class=\"elementor-widget-container\">\n\t\t\t\t\t\t\t<div class=\"elementor-alert\" role=\"alert\">\n\n\t\t\t\t\t\t<span class=\"elementor-alert-title\">SUJEITO A ALTERA\u00c7\u00c3O SEM AVISO PR\u00c9VIO<\/span>\n\t\t\t\n\t\t\t\n\t\t\t\n\t\t<\/div>\n\t\t\t\t\t\t<\/div>\n\t\t\t\t<\/div>\n\t\t\t\t<div class=\"elementor-element elementor-element-2dc951b5 elementor-grid-2 elementor-grid-tablet-2 elementor-grid-mobile-1 elementor-posts--thumbnail-top elementor-posts--show-avatar elementor-card-shadow-yes elementor-posts__hover-gradient elementor-widget elementor-widget-posts\" data-id=\"2dc951b5\" data-element_type=\"widget\" data-e-type=\"widget\" data-settings=\"{&quot;cards_columns&quot;:&quot;2&quot;,&quot;cards_columns_tablet&quot;:&quot;2&quot;,&quot;cards_columns_mobile&quot;:&quot;1&quot;,&quot;cards_row_gap&quot;:{&quot;unit&quot;:&quot;px&quot;,&quot;size&quot;:35,&quot;sizes&quot;:[]},&quot;cards_row_gap_tablet&quot;:{&quot;unit&quot;:&quot;px&quot;,&quot;size&quot;:&quot;&quot;,&quot;sizes&quot;:[]},&quot;cards_row_gap_mobile&quot;:{&quot;unit&quot;:&quot;px&quot;,&quot;size&quot;:&quot;&quot;,&quot;sizes&quot;:[]}}\" data-widget_type=\"posts.cards\">\n\t\t\t\t<div class=\"elementor-widget-container\">\n\t\t\t\t\t\t\t<div class=\"elementor-posts-container elementor-posts elementor-posts--skin-cards elementor-grid\">\n\t\t\t\t<article class=\"elementor-post elementor-grid-item post-6059 conveniados type-conveniados status-publish hentry convenios-ortopedia-e-traumatologia\">\n\t\t\t<div class=\"elementor-post__card\">\n\t\t\t\t<div class=\"elementor-post__text\">\n\t\t\t\t<h3 class=\"elementor-post__title\">\n\t\t\t<a href=\"https:\/\/sindiscam.org.br\/convenios\/conveniados\/benito-marcelo-ferri\/\" >\n\t\t\t\tBENITO MARCELO FERRI\t\t\t<\/a>\n\t\t<\/h3>\n\t\t\t\t<div class=\"elementor-post__excerpt\">\n\t\t\t\t\t<\/div>\n\t\t\n\t\t<a class=\"elementor-post__read-more\" href=\"https:\/\/sindiscam.org.br\/convenios\/conveniados\/benito-marcelo-ferri\/\" aria-label=\"Leia mais sobre BENITO MARCELO FERRI\" tabindex=\"-1\" >\n\t\t\tVeja Detalhes \u00bb\t\t<\/a>\n\n\t\t\t\t<\/div>\n\t\t\t\t\t<\/div>\n\t\t<\/article>\n\t\t\t\t<article class=\"elementor-post elementor-grid-item post-4304 conveniados type-conveniados status-publish hentry convenios-ortopedia-e-traumatologia\">\n\t\t\t<div class=\"elementor-post__card\">\n\t\t\t\t<div class=\"elementor-post__text\">\n\t\t\t\t<h3 class=\"elementor-post__title\">\n\t\t\t<a href=\"https:\/\/sindiscam.org.br\/convenios\/conveniados\/dr-gregorio-joao-selhorst\/\" >\n\t\t\t\tDr. Greg\u00f3rio Jo\u00e3o Selhorst\t\t\t<\/a>\n\t\t<\/h3>\n\t\t\t\t<div class=\"elementor-post__excerpt\">\n\t\t\t\t\t<\/div>\n\t\t\n\t\t<a class=\"elementor-post__read-more\" href=\"https:\/\/sindiscam.org.br\/convenios\/conveniados\/dr-gregorio-joao-selhorst\/\" aria-label=\"Leia mais sobre Dr. Greg\u00f3rio Jo\u00e3o Selhorst\" tabindex=\"-1\" >\n\t\t\tVeja Detalhes \u00bb\t\t<\/a>\n\n\t\t\t\t<\/div>\n\t\t\t\t\t<\/div>\n\t\t<\/article>\n\t\t\t\t<article class=\"elementor-post elementor-grid-item post-4297 conveniados type-conveniados status-publish hentry convenios-ortopedia-e-traumatologia\">\n\t\t\t<div class=\"elementor-post__card\">\n\t\t\t\t<div class=\"elementor-post__text\">\n\t\t\t\t<h3 class=\"elementor-post__title\">\n\t\t\t<a href=\"https:\/\/sindiscam.org.br\/convenios\/conveniados\/dr-jose-alexandre-costa\/\" >\n\t\t\t\tDr. Jos\u00e9 Alexandre Costa\t\t\t<\/a>\n\t\t<\/h3>\n\t\t\t\t<div class=\"elementor-post__excerpt\">\n\t\t\t\t\t<\/div>\n\t\t\n\t\t<a class=\"elementor-post__read-more\" href=\"https:\/\/sindiscam.org.br\/convenios\/conveniados\/dr-jose-alexandre-costa\/\" aria-label=\"Leia mais sobre Dr. Jos\u00e9 Alexandre Costa\" tabindex=\"-1\" >\n\t\t\tVeja Detalhes \u00bb\t\t<\/a>\n\n\t\t\t\t<\/div>\n\t\t\t\t\t<\/div>\n\t\t<\/article>\n\t\t\t\t<article class=\"elementor-post elementor-grid-item post-4109 conveniados type-conveniados status-publish hentry convenios-ortopedia-e-traumatologia\">\n\t\t\t<div class=\"elementor-post__card\">\n\t\t\t\t<div class=\"elementor-post__text\">\n\t\t\t\t<h3 class=\"elementor-post__title\">\n\t\t\t<a href=\"https:\/\/sindiscam.org.br\/convenios\/conveniados\/dra-mariana-montemezzo-teodoro-de-oliveira\/\" >\n\t\t\t\tDra. Mariana Montemezzo Teodoro de Oliveira\t\t\t<\/a>\n\t\t<\/h3>\n\t\t\t\t<div class=\"elementor-post__excerpt\">\n\t\t\t\t\t<\/div>\n\t\t\n\t\t<a class=\"elementor-post__read-more\" href=\"https:\/\/sindiscam.org.br\/convenios\/conveniados\/dra-mariana-montemezzo-teodoro-de-oliveira\/\" aria-label=\"Leia mais sobre Dra. Mariana Montemezzo Teodoro de Oliveira\" tabindex=\"-1\" >\n\t\t\tVeja Detalhes \u00bb\t\t<\/a>\n\n\t\t\t\t<\/div>\n\t\t\t\t\t<\/div>\n\t\t<\/article>\n\t\t\t\t<article class=\"elementor-post elementor-grid-item post-3588 conveniados type-conveniados status-publish hentry convenios-ortopedia-e-traumatologia\">\n\t\t\t<div class=\"elementor-post__card\">\n\t\t\t\t<div class=\"elementor-post__text\">\n\t\t\t\t<h3 class=\"elementor-post__title\">\n\t\t\t<a href=\"https:\/\/sindiscam.org.br\/convenios\/conveniados\/vagner-luis-fernandes\/\" >\n\t\t\t\tVAGNER LUIS FERNANDES\t\t\t<\/a>\n\t\t<\/h3>\n\t\t\t\t<div class=\"elementor-post__excerpt\">\n\t\t\t\t\t<\/div>\n\t\t\n\t\t<a class=\"elementor-post__read-more\" href=\"https:\/\/sindiscam.org.br\/convenios\/conveniados\/vagner-luis-fernandes\/\" aria-label=\"Leia mais sobre VAGNER LUIS FERNANDES\" tabindex=\"-1\" >\n\t\t\tVeja Detalhes \u00bb\t\t<\/a>\n\n\t\t\t\t<\/div>\n\t\t\t\t\t<\/div>\n\t\t<\/article>\n\t\t\t\t<article class=\"elementor-post elementor-grid-item post-3590 conveniados type-conveniados status-publish hentry convenios-ortopedia-e-traumatologia\">\n\t\t\t<div class=\"elementor-post__card\">\n\t\t\t\t<div class=\"elementor-post__text\">\n\t\t\t\t<h3 class=\"elementor-post__title\">\n\t\t\t<a href=\"https:\/\/sindiscam.org.br\/convenios\/conveniados\/milton-t-tokashiki\/\" >\n\t\t\t\tMILTON T. TOKASHIKI\t\t\t<\/a>\n\t\t<\/h3>\n\t\t\t\t<div class=\"elementor-post__excerpt\">\n\t\t\t\t\t<\/div>\n\t\t\n\t\t<a class=\"elementor-post__read-more\" href=\"https:\/\/sindiscam.org.br\/convenios\/conveniados\/milton-t-tokashiki\/\" aria-label=\"Leia mais sobre MILTON T. TOKASHIKI\" tabindex=\"-1\" >\n\t\t\tVeja Detalhes \u00bb\t\t<\/a>\n\n\t\t\t\t<\/div>\n\t\t\t\t\t<\/div>\n\t\t<\/article>\n\t\t\t\t<article class=\"elementor-post elementor-grid-item post-3587 conveniados type-conveniados status-publish hentry convenios-ortopedia-e-traumatologia\">\n\t\t\t<div class=\"elementor-post__card\">\n\t\t\t\t<div class=\"elementor-post__text\">\n\t\t\t\t<h3 class=\"elementor-post__title\">\n\t\t\t<a href=\"https:\/\/sindiscam.org.br\/convenios\/conveniados\/homero-cesar-cordeiro\/\" >\n\t\t\t\tHOMERO CESAR CORDEIRO\t\t\t<\/a>\n\t\t<\/h3>\n\t\t\t\t<div class=\"elementor-post__excerpt\">\n\t\t\t\t\t<\/div>\n\t\t\n\t\t<a class=\"elementor-post__read-more\" href=\"https:\/\/sindiscam.org.br\/convenios\/conveniados\/homero-cesar-cordeiro\/\" aria-label=\"Leia mais sobre HOMERO CESAR CORDEIRO\" tabindex=\"-1\" >\n\t\t\tVeja Detalhes \u00bb\t\t<\/a>\n\n\t\t\t\t<\/div>\n\t\t\t\t\t<\/div>\n\t\t<\/article>\n\t\t\t\t<article class=\"elementor-post elementor-grid-item post-3585 conveniados type-conveniados status-publish hentry convenios-ortopedia-e-traumatologia\">\n\t\t\t<div class=\"elementor-post__card\">\n\t\t\t\t<div class=\"elementor-post__text\">\n\t\t\t\t<h3 class=\"elementor-post__title\">\n\t\t\t<a href=\"https:\/\/sindiscam.org.br\/convenios\/conveniados\/cot\/\" >\n\t\t\t\tCOT\t\t\t<\/a>\n\t\t<\/h3>\n\t\t\t\t<div class=\"elementor-post__excerpt\">\n\t\t\t\t\t<\/div>\n\t\t\n\t\t<a class=\"elementor-post__read-more\" href=\"https:\/\/sindiscam.org.br\/convenios\/conveniados\/cot\/\" aria-label=\"Leia mais sobre COT\" tabindex=\"-1\" >\n\t\t\tVeja Detalhes \u00bb\t\t<\/a>\n\n\t\t\t\t<\/div>\n\t\t\t\t\t<\/div>\n\t\t<\/article>\n\t\t\t\t<article class=\"elementor-post elementor-grid-item post-3584 conveniados type-conveniados status-publish hentry convenios-ortopedia-e-traumatologia\">\n\t\t\t<div class=\"elementor-post__card\">\n\t\t\t\t<div class=\"elementor-post__text\">\n\t\t\t\t<h3 class=\"elementor-post__title\">\n\t\t\t<a href=\"https:\/\/sindiscam.org.br\/convenios\/conveniados\/sergio-eduardo-giroto\/\" >\n\t\t\t\tS\u00c9RGIO EDUARDO GIROTO\t\t\t<\/a>\n\t\t<\/h3>\n\t\t\t\t<div class=\"elementor-post__excerpt\">\n\t\t\t\t\t<\/div>\n\t\t\n\t\t<a class=\"elementor-post__read-more\" href=\"https:\/\/sindiscam.org.br\/convenios\/conveniados\/sergio-eduardo-giroto\/\" aria-label=\"Leia mais sobre S\u00c9RGIO EDUARDO GIROTO\" tabindex=\"-1\" >\n\t\t\tVeja Detalhes \u00bb\t\t<\/a>\n\n\t\t\t\t<\/div>\n\t\t\t\t\t<\/div>\n\t\t<\/article>\n\t\t\t\t<article class=\"elementor-post elementor-grid-item post-3583 conveniados type-conveniados status-publish hentry convenios-ortopedia-e-traumatologia\">\n\t\t\t<div class=\"elementor-post__card\">\n\t\t\t\t<div class=\"elementor-post__text\">\n\t\t\t\t<h3 class=\"elementor-post__title\">\n\t\t\t<a href=\"https:\/\/sindiscam.org.br\/convenios\/conveniados\/osvaldo-mauro-filho\/\" >\n\t\t\t\tOSVALDO MAURO FILHO\t\t\t<\/a>\n\t\t<\/h3>\n\t\t\t\t<div class=\"elementor-post__excerpt\">\n\t\t\t\t\t<\/div>\n\t\t\n\t\t<a class=\"elementor-post__read-more\" href=\"https:\/\/sindiscam.org.br\/convenios\/conveniados\/osvaldo-mauro-filho\/\" aria-label=\"Leia mais sobre OSVALDO MAURO FILHO\" tabindex=\"-1\" >\n\t\t\tVeja Detalhes \u00bb\t\t<\/a>\n\n\t\t\t\t<\/div>\n\t\t\t\t\t<\/div>\n\t\t<\/article>\n\t\t\t\t<article class=\"elementor-post elementor-grid-item post-3582 conveniados type-conveniados status-publish hentry convenios-ortopedia-e-traumatologia\">\n\t\t\t<div class=\"elementor-post__card\">\n\t\t\t\t<div class=\"elementor-post__text\">\n\t\t\t\t<h3 class=\"elementor-post__title\">\n\t\t\t<a href=\"https:\/\/sindiscam.org.br\/convenios\/conveniados\/eduardo-bueno-sampaio\/\" >\n\t\t\t\tEDUARDO BUENO SAMPAIO\t\t\t<\/a>\n\t\t<\/h3>\n\t\t\t\t<div class=\"elementor-post__excerpt\">\n\t\t\t\t\t<\/div>\n\t\t\n\t\t<a class=\"elementor-post__read-more\" href=\"https:\/\/sindiscam.org.br\/convenios\/conveniados\/eduardo-bueno-sampaio\/\" aria-label=\"Leia mais sobre EDUARDO BUENO SAMPAIO\" tabindex=\"-1\" >\n\t\t\tVeja Detalhes \u00bb\t\t<\/a>\n\n\t\t\t\t<\/div>\n\t\t\t\t\t<\/div>\n\t\t<\/article>\n\t\t\t\t<article class=\"elementor-post elementor-grid-item post-3580 conveniados type-conveniados status-publish hentry convenios-ortopedia-e-traumatologia\">\n\t\t\t<div class=\"elementor-post__card\">\n\t\t\t\t<div class=\"elementor-post__text\">\n\t\t\t\t<h3 class=\"elementor-post__title\">\n\t\t\t<a href=\"https:\/\/sindiscam.org.br\/convenios\/conveniados\/edmundo-santos-sampaio\/\" >\n\t\t\t\tEDMUNDO SANTOS SAMPAIO\t\t\t<\/a>\n\t\t<\/h3>\n\t\t\t\t<div class=\"elementor-post__excerpt\">\n\t\t\t\t\t<\/div>\n\t\t\n\t\t<a class=\"elementor-post__read-more\" href=\"https:\/\/sindiscam.org.br\/convenios\/conveniados\/edmundo-santos-sampaio\/\" aria-label=\"Leia mais sobre EDMUNDO SANTOS SAMPAIO\" tabindex=\"-1\" >\n\t\t\tVeja Detalhes \u00bb\t\t<\/a>\n\n\t\t\t\t<\/div>\n\t\t\t\t\t<\/div>\n\t\t<\/article>\n\t\t\t\t<\/div>\n\t\t\n\t\t\t\t\t\t<\/div>\n\t\t\t\t<\/div>\n\t\t\t\t\t<\/div>\n\t\t<\/div>\n\t\t\t\t\t<\/div>\n\t\t<\/section>\n\t\t\t\t<\/div>\n\t\t","protected":false},"excerpt":{"rendered":"<p>Ortopedia e Traumatologia \u00c9 necess\u00e1rio retirar guia na sede do sindicato. SUJEITO A ALTERA\u00c7\u00c3O SEM AVISO PR\u00c9VIO<\/p>\n","protected":false},"author":1,"featured_media":0,"parent":0,"menu_order":0,"comment_status":"closed","ping_status":"closed","template":"elementor_header_footer","meta":{"footnotes":""},"class_list":["post-5351","page","type-page","status-publish","hentry"],"_links":{"self":[{"href":"https:\/\/sindiscam.org.br\/convenios\/wp-json\/wp\/v2\/pages\/5351","targetHints":{"allow":["GET"]}}],"collection":[{"href":"https:\/\/sindiscam.org.br\/convenios\/wp-json\/wp\/v2\/pages"}],"about":[{"href":"https:\/\/sindiscam.org.br\/convenios\/wp-json\/wp\/v2\/types\/page"}],"author":[{"embeddable":true,"href":"https:\/\/sindiscam.org.br\/convenios\/wp-json\/wp\/v2\/users\/1"}],"replies":[{"embeddable":true,"href":"https:\/\/sindiscam.org.br\/convenios\/wp-json\/wp\/v2\/comments?post=5351"}],"version-history":[{"count":9,"href":"https:\/\/sindiscam.org.br\/convenios\/wp-json\/wp\/v2\/pages\/5351\/revisions"}],"predecessor-version":[{"id":8290,"href":"https:\/\/sindiscam.org.br\/convenios\/wp-json\/wp\/v2\/pages\/5351\/revisions\/8290"}],"wp:attachment":[{"href":"https:\/\/sindiscam.org.br\/convenios\/wp-json\/wp\/v2\/media?parent=5351"}],"curies":[{"name":"wp","href":"https:\/\/api.w.org\/{rel}","templated":true}]}}