{"id":5366,"date":"2021-09-26T11:39:40","date_gmt":"2021-09-26T14:39:40","guid":{"rendered":"https:\/\/sindiscam.org.br\/?page_id=5366"},"modified":"2026-03-26T10:04:13","modified_gmt":"2026-03-26T13:04:13","slug":"pediatra","status":"publish","type":"page","link":"https:\/\/sindiscam.org.br\/convenios\/pediatra\/","title":{"rendered":"Pediatra"},"content":{"rendered":"\t\t<div data-elementor-type=\"wp-page\" data-elementor-id=\"5366\" class=\"elementor elementor-5366\" data-elementor-post-type=\"page\">\n\t\t\t\t\t\t<section class=\"elementor-section elementor-top-section elementor-element elementor-element-3993d231 elementor-section-height-min-height elementor-hidden-mobile elementor-section-boxed elementor-section-height-default elementor-section-items-middle\" data-id=\"3993d231\" data-element_type=\"section\" data-e-type=\"section\" id=\"topo\" data-settings=\"{&quot;background_background&quot;:&quot;gradient&quot;}\">\n\t\t\t\t\t\t<div class=\"elementor-container elementor-column-gap-default\">\n\t\t\t\t\t<div class=\"elementor-column elementor-col-100 elementor-top-column elementor-element elementor-element-5e66a8f0\" data-id=\"5e66a8f0\" data-element_type=\"column\" data-e-type=\"column\">\n\t\t\t<div class=\"elementor-widget-wrap elementor-element-populated\">\n\t\t\t\t\t\t<div class=\"elementor-element elementor-element-2857177e elementor-widget elementor-widget-heading\" data-id=\"2857177e\" data-element_type=\"widget\" data-e-type=\"widget\" data-widget_type=\"heading.default\">\n\t\t\t\t<div class=\"elementor-widget-container\">\n\t\t\t\t\t<h2 class=\"elementor-heading-title elementor-size-default\">Pediatra<\/h2>\t\t\t\t<\/div>\n\t\t\t\t<\/div>\n\t\t\t\t\t<\/div>\n\t\t<\/div>\n\t\t\t\t\t<\/div>\n\t\t<\/section>\n\t\t\t\t<section class=\"elementor-section elementor-top-section elementor-element elementor-element-582a07a5 elementor-section-boxed elementor-section-height-default elementor-section-height-default\" data-id=\"582a07a5\" data-element_type=\"section\" data-e-type=\"section\">\n\t\t\t\t\t\t<div class=\"elementor-container elementor-column-gap-default\">\n\t\t\t\t\t<div class=\"elementor-column elementor-col-100 elementor-top-column elementor-element elementor-element-382b4784\" data-id=\"382b4784\" data-element_type=\"column\" data-e-type=\"column\">\n\t\t\t<div class=\"elementor-widget-wrap elementor-element-populated\">\n\t\t\t\t\t\t<div class=\"elementor-element elementor-element-1ef830a5 elementor-alert-info elementor-widget elementor-widget-alert\" data-id=\"1ef830a5\" data-element_type=\"widget\" data-e-type=\"widget\" data-widget_type=\"alert.default\">\n\t\t\t\t<div class=\"elementor-widget-container\">\n\t\t\t\t\t\t\t<div class=\"elementor-alert\" role=\"alert\">\n\n\t\t\t\t\t\t<span class=\"elementor-alert-title\">\u00c9 necess\u00e1rio retirar guia na sede do sindicato.<\/span>\n\t\t\t\n\t\t\t\n\t\t\t\n\t\t<\/div>\n\t\t\t\t\t\t<\/div>\n\t\t\t\t<\/div>\n\t\t\t\t<div class=\"elementor-element elementor-element-946774c elementor-alert-info elementor-widget elementor-widget-alert\" data-id=\"946774c\" data-element_type=\"widget\" data-e-type=\"widget\" data-widget_type=\"alert.default\">\n\t\t\t\t<div class=\"elementor-widget-container\">\n\t\t\t\t\t\t\t<div class=\"elementor-alert\" role=\"alert\">\n\n\t\t\t\t\t\t<span class=\"elementor-alert-title\">SUJEITO A ALTERA\u00c7\u00c3O SEM AVISO PR\u00c9VIO<\/span>\n\t\t\t\n\t\t\t\n\t\t\t\n\t\t<\/div>\n\t\t\t\t\t\t<\/div>\n\t\t\t\t<\/div>\n\t\t\t\t<div class=\"elementor-element elementor-element-4ed103b8 elementor-grid-2 elementor-grid-tablet-2 elementor-grid-mobile-1 elementor-posts--thumbnail-top elementor-posts--show-avatar elementor-card-shadow-yes elementor-posts__hover-gradient elementor-widget elementor-widget-posts\" data-id=\"4ed103b8\" data-element_type=\"widget\" data-e-type=\"widget\" data-settings=\"{&quot;cards_columns&quot;:&quot;2&quot;,&quot;cards_columns_tablet&quot;:&quot;2&quot;,&quot;cards_columns_mobile&quot;:&quot;1&quot;,&quot;cards_row_gap&quot;:{&quot;unit&quot;:&quot;px&quot;,&quot;size&quot;:35,&quot;sizes&quot;:[]},&quot;cards_row_gap_tablet&quot;:{&quot;unit&quot;:&quot;px&quot;,&quot;size&quot;:&quot;&quot;,&quot;sizes&quot;:[]},&quot;cards_row_gap_mobile&quot;:{&quot;unit&quot;:&quot;px&quot;,&quot;size&quot;:&quot;&quot;,&quot;sizes&quot;:[]}}\" data-widget_type=\"posts.cards\">\n\t\t\t\t<div class=\"elementor-widget-container\">\n\t\t\t\t\t\t\t<div class=\"elementor-posts-container elementor-posts elementor-posts--skin-cards elementor-grid\">\n\t\t\t\t<article class=\"elementor-post elementor-grid-item post-4019 conveniados type-conveniados status-publish hentry convenios-pediatra\">\n\t\t\t<div class=\"elementor-post__card\">\n\t\t\t\t<div class=\"elementor-post__text\">\n\t\t\t\t<h3 class=\"elementor-post__title\">\n\t\t\t<a href=\"https:\/\/sindiscam.org.br\/convenios\/conveniados\/euclides-saqueti-filho\/\" >\n\t\t\t\tEUCLIDES SAQUETI FILHO\t\t\t<\/a>\n\t\t<\/h3>\n\t\t\t\t<div class=\"elementor-post__excerpt\">\n\t\t\t\t\t<\/div>\n\t\t\n\t\t<a class=\"elementor-post__read-more\" href=\"https:\/\/sindiscam.org.br\/convenios\/conveniados\/euclides-saqueti-filho\/\" aria-label=\"Leia mais sobre EUCLIDES SAQUETI FILHO\" tabindex=\"-1\" >\n\t\t\tVeja Detalhes \u00bb\t\t<\/a>\n\n\t\t\t\t<\/div>\n\t\t\t\t\t<\/div>\n\t\t<\/article>\n\t\t\t\t<article class=\"elementor-post elementor-grid-item post-3998 conveniados type-conveniados status-publish hentry convenios-pediatra\">\n\t\t\t<div class=\"elementor-post__card\">\n\t\t\t\t<div class=\"elementor-post__text\">\n\t\t\t\t<h3 class=\"elementor-post__title\">\n\t\t\t<a href=\"https:\/\/sindiscam.org.br\/convenios\/conveniados\/lilian-ferreira-shikasho\/\" >\n\t\t\t\tLILIAN FERREIRA SHIKASHO\t\t\t<\/a>\n\t\t<\/h3>\n\t\t\t\t<div class=\"elementor-post__excerpt\">\n\t\t\t\t\t<\/div>\n\t\t\n\t\t<a class=\"elementor-post__read-more\" href=\"https:\/\/sindiscam.org.br\/convenios\/conveniados\/lilian-ferreira-shikasho\/\" aria-label=\"Leia mais sobre LILIAN FERREIRA SHIKASHO\" tabindex=\"-1\" >\n\t\t\tVeja Detalhes \u00bb\t\t<\/a>\n\n\t\t\t\t<\/div>\n\t\t\t\t\t<\/div>\n\t\t<\/article>\n\t\t\t\t<article class=\"elementor-post elementor-grid-item post-3976 conveniados type-conveniados status-publish hentry convenios-pediatra\">\n\t\t\t<div class=\"elementor-post__card\">\n\t\t\t\t<div class=\"elementor-post__text\">\n\t\t\t\t<h3 class=\"elementor-post__title\">\n\t\t\t<a href=\"https:\/\/sindiscam.org.br\/convenios\/conveniados\/amir-w-mohana\/\" >\n\t\t\t\tAMIR W. MOHANA\t\t\t<\/a>\n\t\t<\/h3>\n\t\t\t\t<div class=\"elementor-post__excerpt\">\n\t\t\t\t\t<\/div>\n\t\t\n\t\t<a class=\"elementor-post__read-more\" href=\"https:\/\/sindiscam.org.br\/convenios\/conveniados\/amir-w-mohana\/\" aria-label=\"Leia mais sobre AMIR W. MOHANA\" tabindex=\"-1\" >\n\t\t\tVeja Detalhes \u00bb\t\t<\/a>\n\n\t\t\t\t<\/div>\n\t\t\t\t\t<\/div>\n\t\t<\/article>\n\t\t\t\t<article class=\"elementor-post elementor-grid-item post-3603 conveniados type-conveniados status-publish hentry convenios-pediatra\">\n\t\t\t<div class=\"elementor-post__card\">\n\t\t\t\t<div class=\"elementor-post__text\">\n\t\t\t\t<h3 class=\"elementor-post__title\">\n\t\t\t<a href=\"https:\/\/sindiscam.org.br\/convenios\/conveniados\/marcelo-rodrigo-pizatto\/\" >\n\t\t\t\tMARCELO RODRIGO PIZATTO\t\t\t<\/a>\n\t\t<\/h3>\n\t\t\t\t<div class=\"elementor-post__excerpt\">\n\t\t\t\t\t<\/div>\n\t\t\n\t\t<a class=\"elementor-post__read-more\" href=\"https:\/\/sindiscam.org.br\/convenios\/conveniados\/marcelo-rodrigo-pizatto\/\" aria-label=\"Leia mais sobre MARCELO RODRIGO PIZATTO\" tabindex=\"-1\" >\n\t\t\tVeja Detalhes \u00bb\t\t<\/a>\n\n\t\t\t\t<\/div>\n\t\t\t\t\t<\/div>\n\t\t<\/article>\n\t\t\t\t<article class=\"elementor-post elementor-grid-item post-3602 conveniados type-conveniados status-publish hentry convenios-pediatra\">\n\t\t\t<div class=\"elementor-post__card\">\n\t\t\t\t<div class=\"elementor-post__text\">\n\t\t\t\t<h3 class=\"elementor-post__title\">\n\t\t\t<a href=\"https:\/\/sindiscam.org.br\/convenios\/conveniados\/danilo-nakashima\/\" >\n\t\t\t\tDANILO NAKASHIMA\t\t\t<\/a>\n\t\t<\/h3>\n\t\t\t\t<div class=\"elementor-post__excerpt\">\n\t\t\t\t\t<\/div>\n\t\t\n\t\t<a class=\"elementor-post__read-more\" href=\"https:\/\/sindiscam.org.br\/convenios\/conveniados\/danilo-nakashima\/\" aria-label=\"Leia mais sobre DANILO NAKASHIMA\" tabindex=\"-1\" >\n\t\t\tVeja Detalhes \u00bb\t\t<\/a>\n\n\t\t\t\t<\/div>\n\t\t\t\t\t<\/div>\n\t\t<\/article>\n\t\t\t\t<\/div>\n\t\t\n\t\t\t\t\t\t<\/div>\n\t\t\t\t<\/div>\n\t\t\t\t\t<\/div>\n\t\t<\/div>\n\t\t\t\t\t<\/div>\n\t\t<\/section>\n\t\t\t\t<\/div>\n\t\t","protected":false},"excerpt":{"rendered":"<p>Pediatra \u00c9 necess\u00e1rio retirar guia na sede do sindicato. SUJEITO A ALTERA\u00c7\u00c3O SEM AVISO PR\u00c9VIO<\/p>\n","protected":false},"author":1,"featured_media":0,"parent":0,"menu_order":0,"comment_status":"closed","ping_status":"closed","template":"elementor_header_footer","meta":{"footnotes":""},"class_list":["post-5366","page","type-page","status-publish","hentry"],"_links":{"self":[{"href":"https:\/\/sindiscam.org.br\/convenios\/wp-json\/wp\/v2\/pages\/5366","targetHints":{"allow":["GET"]}}],"collection":[{"href":"https:\/\/sindiscam.org.br\/convenios\/wp-json\/wp\/v2\/pages"}],"about":[{"href":"https:\/\/sindiscam.org.br\/convenios\/wp-json\/wp\/v2\/types\/page"}],"author":[{"embeddable":true,"href":"https:\/\/sindiscam.org.br\/convenios\/wp-json\/wp\/v2\/users\/1"}],"replies":[{"embeddable":true,"href":"https:\/\/sindiscam.org.br\/convenios\/wp-json\/wp\/v2\/comments?post=5366"}],"version-history":[{"count":9,"href":"https:\/\/sindiscam.org.br\/convenios\/wp-json\/wp\/v2\/pages\/5366\/revisions"}],"predecessor-version":[{"id":8299,"href":"https:\/\/sindiscam.org.br\/convenios\/wp-json\/wp\/v2\/pages\/5366\/revisions\/8299"}],"wp:attachment":[{"href":"https:\/\/sindiscam.org.br\/convenios\/wp-json\/wp\/v2\/media?parent=5366"}],"curies":[{"name":"wp","href":"https:\/\/api.w.org\/{rel}","templated":true}]}}