{"id":5416,"date":"2021-09-26T11:52:15","date_gmt":"2021-09-26T14:52:15","guid":{"rendered":"https:\/\/sindiscam.org.br\/?page_id=5416"},"modified":"2026-03-26T10:05:34","modified_gmt":"2026-03-26T13:05:34","slug":"radiologia-odontologica","status":"publish","type":"page","link":"https:\/\/sindiscam.org.br\/convenios\/radiologia-odontologica\/","title":{"rendered":"Radiologia Odontol\u00f3gica"},"content":{"rendered":"\t\t<div data-elementor-type=\"wp-page\" data-elementor-id=\"5416\" class=\"elementor elementor-5416\" data-elementor-post-type=\"page\">\n\t\t\t\t\t\t<section class=\"elementor-section elementor-top-section elementor-element elementor-element-45dc4004 elementor-section-height-min-height elementor-hidden-mobile elementor-section-boxed elementor-section-height-default elementor-section-items-middle\" data-id=\"45dc4004\" data-element_type=\"section\" data-e-type=\"section\" id=\"topo\" data-settings=\"{&quot;background_background&quot;:&quot;gradient&quot;}\">\n\t\t\t\t\t\t<div class=\"elementor-container elementor-column-gap-default\">\n\t\t\t\t\t<div class=\"elementor-column elementor-col-100 elementor-top-column elementor-element elementor-element-3ee63e12\" data-id=\"3ee63e12\" data-element_type=\"column\" data-e-type=\"column\">\n\t\t\t<div class=\"elementor-widget-wrap elementor-element-populated\">\n\t\t\t\t\t\t<div class=\"elementor-element elementor-element-4d7a5719 elementor-widget elementor-widget-heading\" data-id=\"4d7a5719\" data-element_type=\"widget\" data-e-type=\"widget\" data-widget_type=\"heading.default\">\n\t\t\t\t<div class=\"elementor-widget-container\">\n\t\t\t\t\t<h2 class=\"elementor-heading-title elementor-size-default\">Radiologia Odontol\u00f3gica<\/h2>\t\t\t\t<\/div>\n\t\t\t\t<\/div>\n\t\t\t\t\t<\/div>\n\t\t<\/div>\n\t\t\t\t\t<\/div>\n\t\t<\/section>\n\t\t\t\t<section class=\"elementor-section elementor-top-section elementor-element elementor-element-5c23d4e6 elementor-section-boxed elementor-section-height-default elementor-section-height-default\" data-id=\"5c23d4e6\" data-element_type=\"section\" data-e-type=\"section\">\n\t\t\t\t\t\t<div class=\"elementor-container elementor-column-gap-default\">\n\t\t\t\t\t<div class=\"elementor-column elementor-col-100 elementor-top-column elementor-element elementor-element-6b1530cf\" data-id=\"6b1530cf\" data-element_type=\"column\" data-e-type=\"column\">\n\t\t\t<div class=\"elementor-widget-wrap elementor-element-populated\">\n\t\t\t\t\t\t<div class=\"elementor-element elementor-element-559e4e63 elementor-alert-info elementor-widget elementor-widget-alert\" data-id=\"559e4e63\" data-element_type=\"widget\" data-e-type=\"widget\" data-widget_type=\"alert.default\">\n\t\t\t\t<div class=\"elementor-widget-container\">\n\t\t\t\t\t\t\t<div class=\"elementor-alert\" role=\"alert\">\n\n\t\t\t\t\t\t<span class=\"elementor-alert-title\">\u00c9 necess\u00e1rio retirar guia na sede do sindicato.<\/span>\n\t\t\t\n\t\t\t\n\t\t\t\n\t\t<\/div>\n\t\t\t\t\t\t<\/div>\n\t\t\t\t<\/div>\n\t\t\t\t<div class=\"elementor-element elementor-element-8b38d14 elementor-alert-info elementor-widget elementor-widget-alert\" data-id=\"8b38d14\" data-element_type=\"widget\" data-e-type=\"widget\" data-widget_type=\"alert.default\">\n\t\t\t\t<div class=\"elementor-widget-container\">\n\t\t\t\t\t\t\t<div class=\"elementor-alert\" role=\"alert\">\n\n\t\t\t\t\t\t<span class=\"elementor-alert-title\">SUJEITO A ALTERA\u00c7\u00c3O SEM AVISO PR\u00c9VIO<\/span>\n\t\t\t\n\t\t\t\n\t\t\t\n\t\t<\/div>\n\t\t\t\t\t\t<\/div>\n\t\t\t\t<\/div>\n\t\t\t\t<div class=\"elementor-element elementor-element-5cfa5712 elementor-grid-2 elementor-grid-tablet-2 elementor-grid-mobile-1 elementor-posts--thumbnail-top elementor-posts--show-avatar elementor-card-shadow-yes elementor-posts__hover-gradient elementor-widget elementor-widget-posts\" data-id=\"5cfa5712\" data-element_type=\"widget\" data-e-type=\"widget\" data-settings=\"{&quot;cards_columns&quot;:&quot;2&quot;,&quot;cards_columns_tablet&quot;:&quot;2&quot;,&quot;cards_columns_mobile&quot;:&quot;1&quot;,&quot;cards_row_gap&quot;:{&quot;unit&quot;:&quot;px&quot;,&quot;size&quot;:35,&quot;sizes&quot;:[]},&quot;cards_row_gap_tablet&quot;:{&quot;unit&quot;:&quot;px&quot;,&quot;size&quot;:&quot;&quot;,&quot;sizes&quot;:[]},&quot;cards_row_gap_mobile&quot;:{&quot;unit&quot;:&quot;px&quot;,&quot;size&quot;:&quot;&quot;,&quot;sizes&quot;:[]}}\" data-widget_type=\"posts.cards\">\n\t\t\t\t<div class=\"elementor-widget-container\">\n\t\t\t\t\t\t\t<div class=\"elementor-posts-container elementor-posts elementor-posts--skin-cards elementor-grid\">\n\t\t\t\t<article class=\"elementor-post elementor-grid-item post-3575 conveniados type-conveniados status-publish hentry convenios-radiologia-odontologica\">\n\t\t\t<div class=\"elementor-post__card\">\n\t\t\t\t<div class=\"elementor-post__text\">\n\t\t\t\t<h3 class=\"elementor-post__title\">\n\t\t\t<a href=\"https:\/\/sindiscam.org.br\/convenios\/conveniados\/renato-andrade-donega\/\" >\n\t\t\t\tRENATO ANDRADE DONEG\u00c1\t\t\t<\/a>\n\t\t<\/h3>\n\t\t\t\t<div class=\"elementor-post__excerpt\">\n\t\t\t\t\t<\/div>\n\t\t\n\t\t<a class=\"elementor-post__read-more\" href=\"https:\/\/sindiscam.org.br\/convenios\/conveniados\/renato-andrade-donega\/\" aria-label=\"Leia mais sobre RENATO ANDRADE DONEG\u00c1\" tabindex=\"-1\" >\n\t\t\tVeja Detalhes \u00bb\t\t<\/a>\n\n\t\t\t\t<\/div>\n\t\t\t\t\t<\/div>\n\t\t<\/article>\n\t\t\t\t<article class=\"elementor-post elementor-grid-item post-3573 conveniados type-conveniados status-publish hentry convenios-radiologia-odontologica\">\n\t\t\t<div class=\"elementor-post__card\">\n\t\t\t\t<div class=\"elementor-post__text\">\n\t\t\t\t<h3 class=\"elementor-post__title\">\n\t\t\t<a href=\"https:\/\/sindiscam.org.br\/convenios\/conveniados\/radiologia-clinica-odonto\/\" >\n\t\t\t\tRADIOLOGIA CL\u00cdNICA ODONTO\t\t\t<\/a>\n\t\t<\/h3>\n\t\t\t\t<div class=\"elementor-post__excerpt\">\n\t\t\t\t\t<\/div>\n\t\t\n\t\t<a class=\"elementor-post__read-more\" href=\"https:\/\/sindiscam.org.br\/convenios\/conveniados\/radiologia-clinica-odonto\/\" aria-label=\"Leia mais sobre RADIOLOGIA CL\u00cdNICA ODONTO\" tabindex=\"-1\" >\n\t\t\tVeja Detalhes \u00bb\t\t<\/a>\n\n\t\t\t\t<\/div>\n\t\t\t\t\t<\/div>\n\t\t<\/article>\n\t\t\t\t<\/div>\n\t\t\n\t\t\t\t\t\t<\/div>\n\t\t\t\t<\/div>\n\t\t\t\t\t<\/div>\n\t\t<\/div>\n\t\t\t\t\t<\/div>\n\t\t<\/section>\n\t\t\t\t<\/div>\n\t\t","protected":false},"excerpt":{"rendered":"<p>Radiologia Odontol\u00f3gica \u00c9 necess\u00e1rio retirar guia na sede do sindicato. SUJEITO A ALTERA\u00c7\u00c3O SEM AVISO PR\u00c9VIO<\/p>\n","protected":false},"author":1,"featured_media":0,"parent":0,"menu_order":0,"comment_status":"closed","ping_status":"closed","template":"elementor_header_footer","meta":{"footnotes":""},"class_list":["post-5416","page","type-page","status-publish","hentry"],"_links":{"self":[{"href":"https:\/\/sindiscam.org.br\/convenios\/wp-json\/wp\/v2\/pages\/5416","targetHints":{"allow":["GET"]}}],"collection":[{"href":"https:\/\/sindiscam.org.br\/convenios\/wp-json\/wp\/v2\/pages"}],"about":[{"href":"https:\/\/sindiscam.org.br\/convenios\/wp-json\/wp\/v2\/types\/page"}],"author":[{"embeddable":true,"href":"https:\/\/sindiscam.org.br\/convenios\/wp-json\/wp\/v2\/users\/1"}],"replies":[{"embeddable":true,"href":"https:\/\/sindiscam.org.br\/convenios\/wp-json\/wp\/v2\/comments?post=5416"}],"version-history":[{"count":9,"href":"https:\/\/sindiscam.org.br\/convenios\/wp-json\/wp\/v2\/pages\/5416\/revisions"}],"predecessor-version":[{"id":8329,"href":"https:\/\/sindiscam.org.br\/convenios\/wp-json\/wp\/v2\/pages\/5416\/revisions\/8329"}],"wp:attachment":[{"href":"https:\/\/sindiscam.org.br\/convenios\/wp-json\/wp\/v2\/media?parent=5416"}],"curies":[{"name":"wp","href":"https:\/\/api.w.org\/{rel}","templated":true}]}}